{"id":24,"date":"2025-08-05T14:01:44","date_gmt":"2025-08-05T14:01:44","guid":{"rendered":"http:\/\/www.hannujeulonen.fi\/?page_id=24"},"modified":"2026-04-08T15:03:37","modified_gmt":"2026-04-08T15:03:37","slug":"henkisenympariston-puhdistus","status":"publish","type":"page","link":"http:\/\/www.hannujeulonen.fi\/?page_id=24","title":{"rendered":"Henkisenymp\u00e4rist\u00f6n puhdistus"},"content":{"rendered":"\n<p>Henkisen ymp\u00e4rist\u00f6n puhdistaminen on rauhallinen ja kokonaisvaltainen menetelm\u00e4, jonka tarkoituksena on kevent\u00e4\u00e4 tiloihin tai ihmiseen kertynytt\u00e4 raskasta tai ei-toivottua energiaa. Ty\u00f6skentelyss\u00e4 keskityt\u00e4\u00e4n harmonian palauttamiseen sek\u00e4 ymp\u00e4rist\u00f6\u00f6n ett\u00e4 asiakkaan omaan sis\u00e4iseen kokemukseen, jotta tila tuntuisi selke\u00e4mm\u00e4lt\u00e4, levollisemmalta ja omalta.<\/p>\n\n\n\n<p>Puhdistuksen aikana k\u00e4yn lempe\u00e4sti l\u00e4pi sek\u00e4 tilan ett\u00e4 asiakkaan energiakentt\u00e4\u00e4 intuitiivisilla menetelmill\u00e4. Tavoitteena on vapauttaa kuormittavaa energiaa ja auttaa asiakasta tunnistamaan omia sis\u00e4isi\u00e4 esteit\u00e4\u00e4n \u2013 sellaisia tuntemuksia, uskomuksia tai j\u00e4nnitteit\u00e4, jotka voivat est\u00e4\u00e4 yhteytt\u00e4 omaan itseens\u00e4. Kun n\u00e4it\u00e4 kerroksia tulee n\u00e4kyv\u00e4ksi, asiakkaan on usein helpompi l\u00f6yt\u00e4\u00e4 syvemp\u00e4\u00e4 sis\u00e4ist\u00e4 rauhaa, selkeytt\u00e4 ja oman onnellisuuden l\u00e4hteit\u00e4.<\/p>\n\n\n\n<p>Ty\u00f6skentelen aina lempe\u00e4sti, rauhallisesti ja asiakkaan omaa kokemusta kunnioittaen. Jokainen puhdistus on yksil\u00f6llinen ja muotoutuu asiakkaan tarpeiden, tuntemusten ja tilanteen mukaan.<\/p>\n\n\n\n<p>Henkinen puhdistus voi tuoda tilaan ja mieleen keveytt\u00e4, selkeytt\u00e4 sek\u00e4 uudenlaista tasapainon tunnetta.<\/p>\n\n\n\n<p>Tervetuloa kokemaan hoito, joka avaa tilaa omalle sis\u00e4iselle rauhalle ja aidolle itselle.<\/p>\n","protected":false},"excerpt":{"rendered":"<p>Henkisen ymp\u00e4rist\u00f6n puhdistaminen on rauhallinen ja kokonaisvaltainen menetelm\u00e4, jonka tarkoituksena on kevent\u00e4\u00e4 tiloihin tai ihmiseen kertynytt\u00e4 raskasta tai ei-toivottua energiaa. Ty\u00f6skentelyss\u00e4 keskityt\u00e4\u00e4n harmonian palauttamiseen sek\u00e4 ymp\u00e4rist\u00f6\u00f6n ett\u00e4 asiakkaan omaan sis\u00e4iseen kokemukseen, jotta tila tuntuisi selke\u00e4mm\u00e4lt\u00e4, levollisemmalta ja omalta. Puhdistuksen aikana k\u00e4yn lempe\u00e4sti l\u00e4pi sek\u00e4 tilan ett\u00e4 asiakkaan energiakentt\u00e4\u00e4 intuitiivisilla menetelmill\u00e4. Tavoitteena on vapauttaa kuormittavaa energiaa &hellip; <\/p>\n<p class=\"link-more\"><a href=\"http:\/\/www.hannujeulonen.fi\/?page_id=24\" class=\"more-link\">Jatka lukemista<span class=\"screen-reader-text\"> &#8221;Henkisenymp\u00e4rist\u00f6n puhdistus&#8221;<\/span><\/a><\/p>\n","protected":false},"author":1,"featured_media":121,"parent":0,"menu_order":0,"comment_status":"closed","ping_status":"closed","template":"","meta":{"footnotes":""},"class_list":["post-24","page","type-page","status-publish","has-post-thumbnail","hentry"],"_links":{"self":[{"href":"http:\/\/www.hannujeulonen.fi\/index.php?rest_route=\/wp\/v2\/pages\/24","targetHints":{"allow":["GET"]}}],"collection":[{"href":"http:\/\/www.hannujeulonen.fi\/index.php?rest_route=\/wp\/v2\/pages"}],"about":[{"href":"http:\/\/www.hannujeulonen.fi\/index.php?rest_route=\/wp\/v2\/types\/page"}],"author":[{"embeddable":true,"href":"http:\/\/www.hannujeulonen.fi\/index.php?rest_route=\/wp\/v2\/users\/1"}],"replies":[{"embeddable":true,"href":"http:\/\/www.hannujeulonen.fi\/index.php?rest_route=%2Fwp%2Fv2%2Fcomments&post=24"}],"version-history":[{"count":2,"href":"http:\/\/www.hannujeulonen.fi\/index.php?rest_route=\/wp\/v2\/pages\/24\/revisions"}],"predecessor-version":[{"id":77,"href":"http:\/\/www.hannujeulonen.fi\/index.php?rest_route=\/wp\/v2\/pages\/24\/revisions\/77"}],"wp:featuredmedia":[{"embeddable":true,"href":"http:\/\/www.hannujeulonen.fi\/index.php?rest_route=\/wp\/v2\/media\/121"}],"wp:attachment":[{"href":"http:\/\/www.hannujeulonen.fi\/index.php?rest_route=%2Fwp%2Fv2%2Fmedia&parent=24"}],"curies":[{"name":"wp","href":"https:\/\/api.w.org\/{rel}","templated":true}]}}