{"id":22,"date":"2025-08-05T14:01:44","date_gmt":"2025-08-05T14:01:44","guid":{"rendered":"http:\/\/www.hannujeulonen.fi\/?page_id=22"},"modified":"2026-04-08T14:49:50","modified_gmt":"2026-04-08T14:49:50","slug":"jasenkorjaus","status":"publish","type":"page","link":"http:\/\/www.hannujeulonen.fi\/?page_id=22","title":{"rendered":"J\u00e4senkorjaus"},"content":{"rendered":"\n<p>Olen toiminut j\u00e4senkorjauksen parissa pitk\u00e4\u00e4n sek\u00e4 hoitajana ett\u00e4 kouluttajana. Ty\u00f6ni perustuu vuosien kokemukseen ja oppiin, jota olen saanut useilta kokeneilta kansanparantajilta. Heilt\u00e4 saamani vanha perinnetieto on kulkenut mukanani ja muotoutunut osaksi omaa ty\u00f6skentelytapaani. Tuo perim\u00e4tieto on arvokas osa hoitojani \u2013 se yhdistyy lempe\u00e4\u00e4n, turvalliseen ja yksil\u00f6lliseen l\u00e4hestymistapaan.<\/p>\n\n\n\n<p>Jokainen ihminen on erilainen, ja siksi jokainen hoito alkaa asiakkaan kuuntelusta. Pyrin ymm\u00e4rt\u00e4m\u00e4\u00e4n tilanteen kokonaisuutena: miten keho kannattelee arkea, millaisia j\u00e4nnityksi\u00e4 tai kireyksi\u00e4 on syntynyt ja mit\u00e4 keho juuri sill\u00e4 hetkell\u00e4 tarvitsee. Hoito itsess\u00e4\u00e4n on rauhallinen, pehme\u00e4 ja kivuton, ja teen kaiken ilman niksautuksia. Ty\u00f6skentelen kehon luonnollisten liikkeiden, hengityksen ja lempeiden mobilisaatioiden kautta, jotta keho l\u00f6yt\u00e4\u00e4 takaisin omaan tasapainoiseen tilaansa.<\/p>\n\n\n\n<p>Tavoitteenani on luoda hoitotilanne, jossa asiakas voi todella rauhoittua ja tuntea olonsa turvalliseksi. Perinteit\u00e4 kunnioittava j\u00e4senkorjaus ei ole pelkk\u00e4\u00e4 tekniikkaa \u2013 se on vuoropuhelua kehon kanssa ja kehon huomioimista kokonaisuutena.<\/p>\n\n\n\n<p>Jokainen hoito r\u00e4\u00e4t\u00e4l\u00f6id\u00e4\u00e4n aina asiakkaan tarpeiden mukaan, jotta siit\u00e4 olisi mahdollisimman paljon hy\u00f6ty\u00e4 ja keho p\u00e4\u00e4sisi palautumaan omalla tavallaan.<\/p>\n\n\n\n<p>Tervetuloa kokemaan l\u00e4mminhenkinen, perinteit\u00e4 kunnioittava ja lempe\u00e4sti vaikuttava j\u00e4senkorjaus.<\/p>\n\n\n\n<p><\/p>\n\n\n\n<h2 class=\"wp-block-heading\">Suolak\u00e4\u00e4re \u2013 ohje<\/h2>\n\n\n\n<p><strong>Tarvikkeet<\/strong><\/p>\n\n\n\n<ul class=\"wp-block-list\">\n<li>3 ruokalusikkaa karkeaa merisuolaa<\/li>\n\n\n\n<li>1 litra vett\u00e4<\/li>\n\n\n\n<li>Puhdas puuvillakangas tai pyyhe. Voit my\u00f6s leikata vanhasta sukasta k\u00e4rjen pois ja k\u00e4ytt\u00e4\u00e4 sit\u00e4 esim. polvessa tai kyynerp\u00e4\u00e4ss\u00e4<\/li>\n<\/ul>\n\n\n\n<p><strong>Valmistus ja k\u00e4ytt\u00f6<\/strong><\/p>\n\n\n\n<ol class=\"wp-block-list\">\n<li>Liuota suola 2 dl:aan kuumaa vett\u00e4.<\/li>\n\n\n\n<li>Lis\u00e4\u00e4 kylm\u00e4\u00e4 vett\u00e4, kunnes liuoksen kokonaism\u00e4\u00e4r\u00e4 on 1 litra.<\/li>\n\n\n\n<li>Lioksen l\u00e4mp\u00f6tila tulisi olla huoneen l\u00e4mp\u00f6ist\u00e4<\/li>\n\n\n\n<li>Kasta kangas suolaliuokseen ja purista ylim\u00e4\u00e4r\u00e4inen neste pois.<\/li>\n\n\n\n<li>Aseta k\u00e4\u00e4re hoidettavalle alueelle.<\/li>\n\n\n\n<li>Anna vaikuttaa 30 minuuttia.<\/li>\n<\/ol>\n\n\n\n<p><strong>Huomio<\/strong><br>Suolak\u00e4\u00e4re on perinteinen itsehoitomenetelm\u00e4. Sit\u00e4 ei tule k\u00e4ytt\u00e4\u00e4 rikkin\u00e4iselle tai \u00e4rtyneelle iholle, eik\u00e4 se korvaa terveydenhuollon ammattilaisen antamaa hoitoa.<\/p>\n","protected":false},"excerpt":{"rendered":"<p>Olen toiminut j\u00e4senkorjauksen parissa pitk\u00e4\u00e4n sek\u00e4 hoitajana ett\u00e4 kouluttajana. Ty\u00f6ni perustuu vuosien kokemukseen ja oppiin, jota olen saanut useilta kokeneilta kansanparantajilta. Heilt\u00e4 saamani vanha perinnetieto on kulkenut mukanani ja muotoutunut osaksi omaa ty\u00f6skentelytapaani. Tuo perim\u00e4tieto on arvokas osa hoitojani \u2013 se yhdistyy lempe\u00e4\u00e4n, turvalliseen ja yksil\u00f6lliseen l\u00e4hestymistapaan. Jokainen ihminen on erilainen, ja siksi jokainen hoito &hellip; <\/p>\n<p class=\"link-more\"><a href=\"http:\/\/www.hannujeulonen.fi\/?page_id=22\" class=\"more-link\">Jatka lukemista<span class=\"screen-reader-text\"> &#8221;J\u00e4senkorjaus&#8221;<\/span><\/a><\/p>\n","protected":false},"author":1,"featured_media":120,"parent":0,"menu_order":0,"comment_status":"closed","ping_status":"closed","template":"","meta":{"footnotes":""},"class_list":["post-22","page","type-page","status-publish","has-post-thumbnail","hentry"],"_links":{"self":[{"href":"http:\/\/www.hannujeulonen.fi\/index.php?rest_route=\/wp\/v2\/pages\/22","targetHints":{"allow":["GET"]}}],"collection":[{"href":"http:\/\/www.hannujeulonen.fi\/index.php?rest_route=\/wp\/v2\/pages"}],"about":[{"href":"http:\/\/www.hannujeulonen.fi\/index.php?rest_route=\/wp\/v2\/types\/page"}],"author":[{"embeddable":true,"href":"http:\/\/www.hannujeulonen.fi\/index.php?rest_route=\/wp\/v2\/users\/1"}],"replies":[{"embeddable":true,"href":"http:\/\/www.hannujeulonen.fi\/index.php?rest_route=%2Fwp%2Fv2%2Fcomments&post=22"}],"version-history":[{"count":3,"href":"http:\/\/www.hannujeulonen.fi\/index.php?rest_route=\/wp\/v2\/pages\/22\/revisions"}],"predecessor-version":[{"id":91,"href":"http:\/\/www.hannujeulonen.fi\/index.php?rest_route=\/wp\/v2\/pages\/22\/revisions\/91"}],"wp:featuredmedia":[{"embeddable":true,"href":"http:\/\/www.hannujeulonen.fi\/index.php?rest_route=\/wp\/v2\/media\/120"}],"wp:attachment":[{"href":"http:\/\/www.hannujeulonen.fi\/index.php?rest_route=%2Fwp%2Fv2%2Fmedia&parent=22"}],"curies":[{"name":"wp","href":"https:\/\/api.w.org\/{rel}","templated":true}]}}