{"id":17,"date":"2025-08-05T14:01:44","date_gmt":"2025-08-05T14:01:44","guid":{"rendered":"http:\/\/www.hannujeulonen.fi\/?page_id=17"},"modified":"2026-04-08T15:28:57","modified_gmt":"2026-04-08T15:28:57","slug":"kurssit","status":"publish","type":"page","link":"http:\/\/www.hannujeulonen.fi\/?page_id=17","title":{"rendered":"Kurssit \/ Tapahtumat"},"content":{"rendered":"\n<h2 class=\"wp-block-heading has-cyan-bluish-gray-color has-text-color has-link-color wp-elements-01a89bb2aa89252cb86775aa85daef8b\"><strong>06.01.2026 Unelmakartta ty\u00f6paja, Keskustie 38 43900 Kinnula<\/strong><\/h2>\n\n\n\n<p class=\"has-cyan-bluish-gray-color has-text-color has-link-color wp-elements-b867b44a76355c2b9e603704e96008e8\">Ty\u00f6pajan p\u00e4\u00e4osassa on <strong>henkil\u00f6kohtaisen unelmakartan luominen<\/strong>. Kartta auttaa selkeytt\u00e4m\u00e4\u00e4n omia toiveita, suuntia ja tavoitteita \u2013 sit\u00e4, mit\u00e4 todella haluat el\u00e4m\u00e4\u00e4si. Kun kartta on valmis, tarkastelemme sit\u00e4 energeettisesti ja tutkimme, mit\u00e4 se kertoo omasta polustasi ja mahdollisista esteist\u00e4 sen varrella.<\/p>\n\n\n\n<p class=\"has-cyan-bluish-gray-color has-text-color has-link-color wp-elements-8e1e31bf97a9216a605e5b86222762fa\">Ty\u00f6pajassa k\u00e4yd\u00e4\u00e4n lis\u00e4ksi l\u00e4pi yksil\u00f6llisesti niit\u00e4 sis\u00e4isi\u00e4 esteit\u00e4 ja tunteita, jotka voivat olla oman onnellisuuden ja sielunpolun l\u00f6ytymisen tiell\u00e4, ja ty\u00f6skentelemme niiden vapauttamiseksi lempe\u00e4sti.<\/p>\n\n\n\n<p class=\"has-cyan-bluish-gray-color has-text-color has-link-color wp-elements-b5a74fac030f59388df50ab3d4a83b77\">Ilmapiiri on rauhallinen, turvallinen ja oivalluksia tukeva.<\/p>\n\n\n\n<p class=\"has-cyan-bluish-gray-color has-text-color has-link-color wp-elements-a9b0ffae4e8f00c6ce2cf2e6f6cc8cc0\">Ty\u00f6pajan hinta on 45\u20ac (sis. alv:n). Hintaan sis\u00e4ltyy kahvi \/ tee ja pient\u00e4 purtavaa. Kaikki ty\u00f6pajassa tarvittava materiaali kuuluu hintaan.<\/p>\n\n\n\n<h2 class=\"wp-block-heading has-cyan-bluish-gray-color has-text-color has-link-color wp-elements-13e3a944ac481b8e3bc5fd952e683689\"><strong>24.01.2026 J\u00e4senkorjaus kurssi II, Keskustie 38 43900 Kinnula<\/strong><\/h2>\n\n\n\n<p class=\"has-cyan-bluish-gray-color has-text-color has-link-color wp-elements-ec45a2e292c82a7a5a2d3afb1c634adc\">Kurssilla tutustutaan energioihin, mittauksiin ja harjoitellaan energiaj\u00e4senkorjausta<\/p>\n\n\n\n<h2 class=\"wp-block-heading has-medium-font-size\"><strong>Luennot<\/strong><\/h2>\n\n\n\n<p>El\u00e4m\u00e4n kev\u00e4t 18.-19.4.2026, Veteli<\/p>\n\n\n\n<p>Ultra p\u00e4iv\u00e4t 2.-5.7.2026, Kuortane<\/p>\n\n\n\n<h2 class=\"wp-block-heading has-medium-font-size\"><strong>30.05.2026 Varpukurssi 43900 Kinnula<\/strong><\/h2>\n\n\n\n<p>Kurssilla tutustutaan maas\u00e4teilyyn ja haitallisen maas\u00e4teilyn poistamiseen<\/p>\n\n\n\n<p class=\"has-medium-font-size\"><strong>TULEVAT KURSSIT JA TAPAHTUMAT<\/strong><\/p>\n\n\n\n<p>Rakkauden voima kurssi, Kinnula, Varkaus, Ikaalinen<\/p>\n\n\n\n<p>Uupumisesta voimaa el\u00e4m\u00e4\u00e4n, Kinnula<\/p>\n\n\n\n<p>Reiki I, Kinnula<\/p>\n\n\n\n<p><\/p>\n","protected":false},"excerpt":{"rendered":"<p>06.01.2026 Unelmakartta ty\u00f6paja, Keskustie 38 43900 Kinnula Ty\u00f6pajan p\u00e4\u00e4osassa on henkil\u00f6kohtaisen unelmakartan luominen. Kartta auttaa selkeytt\u00e4m\u00e4\u00e4n omia toiveita, suuntia ja tavoitteita \u2013 sit\u00e4, mit\u00e4 todella haluat el\u00e4m\u00e4\u00e4si. Kun kartta on valmis, tarkastelemme sit\u00e4 energeettisesti ja tutkimme, mit\u00e4 se kertoo omasta polustasi ja mahdollisista esteist\u00e4 sen varrella. Ty\u00f6pajassa k\u00e4yd\u00e4\u00e4n lis\u00e4ksi l\u00e4pi yksil\u00f6llisesti niit\u00e4 sis\u00e4isi\u00e4 esteit\u00e4 ja &hellip; <\/p>\n<p class=\"link-more\"><a href=\"http:\/\/www.hannujeulonen.fi\/?page_id=17\" class=\"more-link\">Jatka lukemista<span class=\"screen-reader-text\"> &#8221;Kurssit \/ Tapahtumat&#8221;<\/span><\/a><\/p>\n","protected":false},"author":1,"featured_media":122,"parent":0,"menu_order":0,"comment_status":"closed","ping_status":"closed","template":"","meta":{"footnotes":"[]"},"class_list":["post-17","page","type-page","status-publish","has-post-thumbnail","hentry"],"_links":{"self":[{"href":"http:\/\/www.hannujeulonen.fi\/index.php?rest_route=\/wp\/v2\/pages\/17","targetHints":{"allow":["GET"]}}],"collection":[{"href":"http:\/\/www.hannujeulonen.fi\/index.php?rest_route=\/wp\/v2\/pages"}],"about":[{"href":"http:\/\/www.hannujeulonen.fi\/index.php?rest_route=\/wp\/v2\/types\/page"}],"author":[{"embeddable":true,"href":"http:\/\/www.hannujeulonen.fi\/index.php?rest_route=\/wp\/v2\/users\/1"}],"replies":[{"embeddable":true,"href":"http:\/\/www.hannujeulonen.fi\/index.php?rest_route=%2Fwp%2Fv2%2Fcomments&post=17"}],"version-history":[{"count":17,"href":"http:\/\/www.hannujeulonen.fi\/index.php?rest_route=\/wp\/v2\/pages\/17\/revisions"}],"predecessor-version":[{"id":139,"href":"http:\/\/www.hannujeulonen.fi\/index.php?rest_route=\/wp\/v2\/pages\/17\/revisions\/139"}],"wp:featuredmedia":[{"embeddable":true,"href":"http:\/\/www.hannujeulonen.fi\/index.php?rest_route=\/wp\/v2\/media\/122"}],"wp:attachment":[{"href":"http:\/\/www.hannujeulonen.fi\/index.php?rest_route=%2Fwp%2Fv2%2Fmedia&parent=17"}],"curies":[{"name":"wp","href":"https:\/\/api.w.org\/{rel}","templated":true}]}}