{"id":143,"date":"2026-04-09T07:10:29","date_gmt":"2026-04-09T07:10:29","guid":{"rendered":"https:\/\/www.hannujeulonen.fi\/?page_id=143"},"modified":"2026-04-09T07:10:29","modified_gmt":"2026-04-09T07:10:29","slug":"kristallivalohoito","status":"publish","type":"page","link":"http:\/\/www.hannujeulonen.fi\/?page_id=143","title":{"rendered":"Kristallivalohoito"},"content":{"rendered":"\n<h2 class=\"wp-block-heading\"><\/h2>\n\n\n\n<p>Kristallivalohoito on lempe\u00e4 ja syv\u00e4rentouttava energiaty\u00f6skentelyn muoto, jossa seitsem\u00e4n v\u00e4rillist\u00e4 valons\u00e4dett\u00e4 suunnataan kehon energiakeskuksiin eli chakroihin. Valon tarkoituksena on tasapainottaa ja harmonisoida energiavirtausta, tukea kehon ja mielen palautumista sek\u00e4 vahvistaa yhteytt\u00e4 omaan sis\u00e4iseen viisauteen.<\/p>\n\n\n\n<p>Hoidon aikana asiakas lep\u00e4\u00e4 vuoteella silm\u00e4t suljettuina rauhallisen musiikin saattelemana. Kokemus tarjoaa mahdollisuuden irrottautua arjen kiireist\u00e4 ja antautua syv\u00e4\u00e4n rentoutumiseen, joka monen mielest\u00e4 lis\u00e4\u00e4 selkeytt\u00e4, l\u00e4sn\u00e4oloa ja kokonaisvaltaista tasapainoa.<\/p>\n\n\n\n<h3 class=\"wp-block-heading\"><strong>Chakrat ja v\u00e4ris\u00e4teiden vaikutus energian tasolla<\/strong><\/h3>\n\n\n\n<p><strong>Kruunuchakra \u2013 violetti valo<\/strong><br>Violetti valo liitet\u00e4\u00e4n rauhoittumiseen, henkisyyteen ja herkkyyteen. Sen ajatellaan avaavan yhteytt\u00e4 korkeampaan tietoisuuteen ja tukevan mielen selkeytt\u00e4.<\/p>\n\n\n\n<p><strong>Otsachakra \u2013 indigo<\/strong><br>Indigon s\u00e4vy yhdistet\u00e4\u00e4n intuitioon, keskittymiseen ja sis\u00e4iseen n\u00e4kemykseen. Se voi auttaa rauhoittamaan mielen kiireisi\u00e4 ajatuksia.<\/p>\n\n\n\n<p><strong>Kurkkuchakra \u2013 turkoosi<\/strong><br>Turkoosin v\u00e4rin koetaan tukevan sis\u00e4ist\u00e4 rauhaa ja selke\u00e4\u00e4 itseilmaisua sek\u00e4 tuovan tasapainoista, lempe\u00e4\u00e4 v\u00e4r\u00e4htely\u00e4 kehon energiakentt\u00e4\u00e4n.<\/p>\n\n\n\n<p><strong>Syd\u00e4nchakra \u2013 vihre\u00e4<\/strong><br>Vihre\u00e4 valo liitet\u00e4\u00e4n lempeyteen, my\u00f6t\u00e4tuntoon ja emotionaaliseen palautumiseen. Se voi tukea avoimuuden ja tasapainon tunnetta.<\/p>\n\n\n\n<p><strong>Napachakra \u2013 keltainen<\/strong><br>Keltainen valo symboloi voimaa, elinvoimaa ja sis\u00e4ist\u00e4 aurinkoa. Sit\u00e4 pidet\u00e4\u00e4n energisoivana ja mielt\u00e4 kirkastavana v\u00e4rin\u00e4.<\/p>\n\n\n\n<p><strong>Sakraalichakra \u2013 oranssi<\/strong><br>Oranssi s\u00e4vy yhdistet\u00e4\u00e4n luovuuteen, l\u00e4mp\u00f6\u00f6n ja virtaavuuteen. Monet kokevat sen lis\u00e4\u00e4v\u00e4n elinvoimaa ja inspiroivaa energiaa.<\/p>\n\n\n\n<p><strong>Juurichakra \u2013 punainen<\/strong><br>Punaisen valon uskotaan maadoittavan ja vahvistavan turvallisuuden tunnetta sek\u00e4 tukevan el\u00e4m\u00e4n perusvoimaa.<\/p>\n","protected":false},"excerpt":{"rendered":"<p>Kristallivalohoito on lempe\u00e4 ja syv\u00e4rentouttava energiaty\u00f6skentelyn muoto, jossa seitsem\u00e4n v\u00e4rillist\u00e4 valons\u00e4dett\u00e4 suunnataan kehon energiakeskuksiin eli chakroihin. Valon tarkoituksena on tasapainottaa ja harmonisoida energiavirtausta, tukea kehon ja mielen palautumista sek\u00e4 vahvistaa yhteytt\u00e4 omaan sis\u00e4iseen viisauteen. Hoidon aikana asiakas lep\u00e4\u00e4 vuoteella silm\u00e4t suljettuina rauhallisen musiikin saattelemana. Kokemus tarjoaa mahdollisuuden irrottautua arjen kiireist\u00e4 ja antautua syv\u00e4\u00e4n rentoutumiseen, joka &hellip; <\/p>\n<p class=\"link-more\"><a href=\"http:\/\/www.hannujeulonen.fi\/?page_id=143\" class=\"more-link\">Jatka lukemista<span class=\"screen-reader-text\"> &#8221;Kristallivalohoito&#8221;<\/span><\/a><\/p>\n","protected":false},"author":1,"featured_media":144,"parent":0,"menu_order":0,"comment_status":"closed","ping_status":"closed","template":"","meta":{"footnotes":""},"class_list":["post-143","page","type-page","status-publish","has-post-thumbnail","hentry"],"_links":{"self":[{"href":"http:\/\/www.hannujeulonen.fi\/index.php?rest_route=\/wp\/v2\/pages\/143","targetHints":{"allow":["GET"]}}],"collection":[{"href":"http:\/\/www.hannujeulonen.fi\/index.php?rest_route=\/wp\/v2\/pages"}],"about":[{"href":"http:\/\/www.hannujeulonen.fi\/index.php?rest_route=\/wp\/v2\/types\/page"}],"author":[{"embeddable":true,"href":"http:\/\/www.hannujeulonen.fi\/index.php?rest_route=\/wp\/v2\/users\/1"}],"replies":[{"embeddable":true,"href":"http:\/\/www.hannujeulonen.fi\/index.php?rest_route=%2Fwp%2Fv2%2Fcomments&post=143"}],"version-history":[{"count":1,"href":"http:\/\/www.hannujeulonen.fi\/index.php?rest_route=\/wp\/v2\/pages\/143\/revisions"}],"predecessor-version":[{"id":145,"href":"http:\/\/www.hannujeulonen.fi\/index.php?rest_route=\/wp\/v2\/pages\/143\/revisions\/145"}],"wp:featuredmedia":[{"embeddable":true,"href":"http:\/\/www.hannujeulonen.fi\/index.php?rest_route=\/wp\/v2\/media\/144"}],"wp:attachment":[{"href":"http:\/\/www.hannujeulonen.fi\/index.php?rest_route=%2Fwp%2Fv2%2Fmedia&parent=143"}],"curies":[{"name":"wp","href":"https:\/\/api.w.org\/{rel}","templated":true}]}}